{"id":10,"date":"2023-10-12T12:50:58","date_gmt":"2023-10-12T12:50:58","guid":{"rendered":"http:\/\/46.101.81.151\/?page_id=10"},"modified":"2025-08-19T10:09:25","modified_gmt":"2025-08-19T10:09:25","slug":"sjukrasjodur","status":"publish","type":"page","link":"https:\/\/sjomannafelag.is\/index.php\/sjukrasjodur\/","title":{"rendered":"Sj\u00fakrasj\u00f3\u00f0ur"},"content":{"rendered":"\n<p><strong>Regluger\u00f0 sj\u00fakrasj\u00f3\u00f0s Sj\u00f3mannaf\u00e9lagsins J\u00f6tuns<\/strong><\/p>\n\n\n\n<p><strong>1.gr.&nbsp;&nbsp;&nbsp;&nbsp; Nafn sj\u00f3\u00f0sins og heimili<\/strong><\/p>\n\n\n\n<p>1.1&nbsp;&nbsp;&nbsp;&nbsp;&nbsp;&nbsp;&nbsp;&nbsp;&nbsp;&nbsp;&nbsp;&nbsp;&nbsp;&nbsp;&nbsp;Sj\u00f3\u00f0urinn heitir Sj\u00fakrasj\u00f3\u00f0ur Sj\u00f3mannaf\u00e9lagins J\u00f6tuns, skammstafa\u00f0 SJ.<\/p>\n\n\n\n<p>1.2&nbsp;&nbsp;&nbsp;&nbsp;&nbsp;&nbsp;&nbsp;&nbsp;&nbsp;&nbsp;&nbsp;&nbsp;&nbsp;&nbsp;&nbsp;Sj\u00fakrasj\u00f3\u00f0ur SJ er stofna\u00f0ur samkv\u00e6mt samningi Sj\u00f3mannaf\u00e9lagsins J\u00f6tuns annarsvegar og \u00datvegsb\u00e6ndaf\u00e9lags Vestmannaeyja og Samtaka Atvinnul\u00edfsins hinsvegar.<\/p>\n\n\n\n<p>1.3&nbsp;&nbsp;&nbsp;&nbsp;&nbsp;&nbsp;&nbsp;&nbsp;&nbsp;&nbsp;&nbsp;&nbsp;&nbsp;&nbsp;&nbsp;Sj\u00fakrasj\u00f3\u00f0ur SJ er eign SJ.&nbsp;Heimili hans og varnar\u00feing er \u00ed Vestmannaeyjum.<\/p>\n\n\n\n<p><strong>2.gr.&nbsp;&nbsp;&nbsp;&nbsp; Verkefni sj\u00f3\u00f0sins<\/strong><\/p>\n\n\n\n<p>2.1&nbsp;&nbsp;&nbsp;&nbsp;&nbsp;&nbsp;&nbsp;&nbsp;&nbsp;&nbsp;&nbsp;&nbsp;&nbsp;&nbsp;&nbsp;Verkefni sj\u00f3\u00f0sins er a\u00f0 veita sj\u00f3\u00f0sf\u00e9l\u00f6gum Sj\u00fakrasj\u00f3\u00f0s SJ fj\u00e1rhagsa\u00f0sto\u00f0 \u00ed veikinda-,<\/p>\n\n\n\n<p>slysa- og d\u00e1nartilvikum. Einnig grei\u00f0ir sj\u00f3\u00f0urinn styrki sem tilgreindir eru \u00ed grein 12.2 . Sj\u00f3\u00f0sf\u00e9lagar eru \u00feeir sem greitt hafa, e\u00f0a fyrir \u00fe\u00e1 hafa veri\u00f0 greidd, i\u00f0gj\u00f6ld til sj\u00f3\u00f0sins.<\/p>\n\n\n\n<p><strong>3.gr.&nbsp;&nbsp;&nbsp;&nbsp; Tekjur<\/strong><\/p>\n\n\n\n<p>3.1&nbsp;&nbsp;&nbsp;&nbsp;&nbsp;&nbsp;&nbsp;&nbsp;&nbsp;&nbsp;&nbsp;&nbsp;&nbsp;&nbsp;&nbsp;Tekjur sj\u00f3\u00f0sins eru skv. 7.gr. laga nr. 19, 1.ma\u00ed 1979, samningsbundin gj\u00f6ld atvinnurekenda til sj\u00f3\u00f0sins.<\/p>\n\n\n\n<p>3.2&nbsp;&nbsp;&nbsp;&nbsp;&nbsp;&nbsp;&nbsp;&nbsp;&nbsp;&nbsp;&nbsp;&nbsp;&nbsp;&nbsp;&nbsp;Vaxtatekjur og annar ar\u00f0ur.<\/p>\n\n\n\n<p>3.3&nbsp;&nbsp;&nbsp;&nbsp;&nbsp;&nbsp;&nbsp;&nbsp;&nbsp;&nbsp;&nbsp;&nbsp;&nbsp;&nbsp;&nbsp;Gjafir, framl\u00f6g og styrkir.<\/p>\n\n\n\n<p>3.4&nbsp;&nbsp;&nbsp;&nbsp;&nbsp;&nbsp;&nbsp;&nbsp;&nbsp;&nbsp;&nbsp;&nbsp;&nbsp;&nbsp;&nbsp;A\u00f0rar tekjur sem a\u00f0alfundur f\u00e9lagsins kann a\u00f0 \u00e1kve\u00f0a hverju sinni.<\/p>\n\n\n\n<p><strong>4.gr.&nbsp;&nbsp;&nbsp;&nbsp; Stj\u00f3rn og rekstur<\/strong><\/p>\n\n\n\n<p>4.1&nbsp;&nbsp;&nbsp;&nbsp;&nbsp;&nbsp;&nbsp;&nbsp;&nbsp;&nbsp;&nbsp;&nbsp;&nbsp;&nbsp;&nbsp;Stj\u00f3rn sj\u00f3\u00f0sins skal kosin me\u00f0 sama h\u00e6tti og stj\u00f3rn SJ (e\u00f0a \u00e1 a\u00f0alfundi SJ) og ber stj\u00f3rnin \u00e1byrg\u00f0 \u00e1 \u00f6llum fj\u00e1rrei\u00f0um sj\u00f3\u00f0sins.<\/p>\n\n\n\n<p>4.2&nbsp;&nbsp;&nbsp;&nbsp;&nbsp;&nbsp;&nbsp;&nbsp;&nbsp;&nbsp;&nbsp;&nbsp;&nbsp;&nbsp;&nbsp;Heimilt er a\u00f0 fela skrifstofu SJ fj\u00e1rrei\u00f0ur og umsj\u00f3n me\u00f0 sj\u00f3\u00f0unum.&nbsp;\u00de\u00f3 skal halda b\u00f3khaldi sj\u00f3\u00f0sins a\u00f0skildu fr\u00e1 \u00f6\u00f0rum fj\u00e1rrei\u00f0um SJ.<\/p>\n\n\n\n<p>4.3&nbsp;&nbsp;&nbsp;&nbsp;&nbsp;&nbsp;&nbsp;&nbsp;&nbsp;&nbsp;&nbsp;&nbsp;&nbsp;&nbsp;&nbsp;\u00c1vallt skulu liggja fyrir g\u00f6gn um r\u00e9tt einstaklinga til grei\u00f0slu \u00far sj\u00f3\u00f0unum.<\/p>\n\n\n\n<p><strong>5.gr.&nbsp;&nbsp;&nbsp;&nbsp; Reikningar og endursko\u00f0un<\/strong><\/p>\n\n\n\n<p>5.1&nbsp;&nbsp;&nbsp;&nbsp;&nbsp;&nbsp;&nbsp;&nbsp;&nbsp;&nbsp;&nbsp;&nbsp;&nbsp;&nbsp;&nbsp;Reikningar sj\u00f3\u00f0sins skulu lag\u00f0ir fram \u00e1rita\u00f0ir af f\u00e9lagslegum sko\u00f0unarm\u00f6nnum og l\u00f6ggiltum endursko\u00f0anda fyrir a\u00f0alfund SJ.<\/p>\n\n\n\n<p><strong>6.gr.&nbsp;&nbsp;&nbsp;&nbsp; \u00dattekt \u00f3h\u00e1\u00f0ra eftirlitsa\u00f0ila<\/strong><\/p>\n\n\n\n<p>6.1&nbsp;&nbsp;&nbsp;&nbsp;&nbsp;&nbsp;&nbsp;&nbsp;&nbsp;&nbsp;&nbsp;&nbsp;&nbsp;&nbsp;&nbsp;\u00c1r hvert, eigi s\u00ed\u00f0ar en fyrir lok ma\u00ed skulu endursko\u00f0a\u00f0ir \u00e1rsreikningar sj\u00f3\u00f0sins sendir mi\u00f0stj\u00f3rn AS\u00cd.<\/p>\n\n\n\n<p>6.2&nbsp;&nbsp;&nbsp;&nbsp;&nbsp;&nbsp;&nbsp;&nbsp;&nbsp;&nbsp;&nbsp;&nbsp;&nbsp;&nbsp;&nbsp;Geti sj\u00f3\u00f0urinn ekki sta\u00f0i\u00f0 vi\u00f0 skuldbindingar s\u00ednar ber stj\u00f3rn sj\u00f3\u00f0sins a\u00f0 leggja fyrir a\u00f0alfund SJ till\u00f6gu a\u00f0 breytingu \u00e1 regluger\u00f0 sem tryggir a\u00f0 sj\u00f3\u00f0urinn geti sta\u00f0i\u00f0 vi\u00f0 skuldbindingar s\u00ednar.<\/p>\n\n\n\n<p><strong>7.gr.&nbsp;&nbsp;&nbsp;&nbsp; \u00c1v\u00f6xtun sj\u00f3\u00f0sins<\/strong><\/p>\n\n\n\n<p>7.1&nbsp;&nbsp;&nbsp;&nbsp;&nbsp;&nbsp;&nbsp;&nbsp;&nbsp;&nbsp;&nbsp;&nbsp;&nbsp;&nbsp;&nbsp;Heimilt er a\u00f0 \u00e1vaxta f\u00e9 sj\u00f3\u00f0sins me\u00f0 eftirfarandi h\u00e6tti;<\/p>\n\n\n\n<p>a)&nbsp;&nbsp;&nbsp;&nbsp;&nbsp;&nbsp;&nbsp;\u00ed b\u00f6nkum e\u00f0a sparisj\u00f3\u00f0um,<\/p>\n\n\n\n<p>b)&nbsp;&nbsp;&nbsp;&nbsp;&nbsp;&nbsp;&nbsp;\u00ed fasteignum tengdum starfsemi sj\u00f3\u00f0sins,<\/p>\n\n\n\n<p>c)&nbsp;&nbsp;&nbsp;&nbsp;&nbsp;&nbsp;&nbsp;\u00e1 annan h\u00e1tt er stj\u00f3rn sj\u00f3\u00f0sins metur tryggan.<\/p>\n\n\n\n<p><strong>8.gr.&nbsp;&nbsp;&nbsp;&nbsp; R\u00e1\u00f0st\u00f6fun fj\u00e1rmuna<\/strong><\/p>\n\n\n\n<p>8.1&nbsp;&nbsp;&nbsp;&nbsp;&nbsp;&nbsp;&nbsp;&nbsp;&nbsp;&nbsp;&nbsp;&nbsp;&nbsp;&nbsp;&nbsp;\u00c1vallt skal \u00feess g\u00e6tt a\u00f0 r\u00e1\u00f0s\u00f6fun fj\u00e1rmuna sj\u00f3\u00f0sins brj\u00f3ti ekki \u00ed b\u00e1ga vi\u00f0 tilgang hans e\u00f0a verkefni.<\/p>\n\n\n\n<p><strong>9.gr.&nbsp;&nbsp;&nbsp;&nbsp; Grundv\u00f6llur styrkveitinga \u00far sj\u00fakrasj\u00f3\u00f0i<\/strong><\/p>\n\n\n\n<p>9.1&nbsp;&nbsp;&nbsp;&nbsp;&nbsp;&nbsp;&nbsp;&nbsp;&nbsp;&nbsp;&nbsp;&nbsp;&nbsp;&nbsp;&nbsp;R\u00e9tt til styrkveitinga \u00far sj\u00f3\u00f0num eiga \u00feeir sem fulln\u00e6gja eftirt\u00f6ldum skilyr\u00f0um, sbr. \u00de\u00f3 10.gr.<\/p>\n\n\n\n<p>9.2&nbsp;&nbsp;&nbsp;&nbsp;&nbsp;&nbsp;&nbsp;&nbsp;&nbsp;&nbsp;&nbsp;&nbsp;&nbsp;&nbsp;&nbsp;Einungis \u00feeir sem sannanlega er greitt af til sj\u00f3\u00f0sins og veri\u00f0 er a\u00f0 grei\u00f0a fyrir til sj\u00f3\u00f0sins \u00feegar r\u00e9ttur til a\u00f0sto\u00f0ar myndast.<\/p>\n\n\n\n<p>9.3&nbsp;&nbsp;&nbsp;&nbsp;&nbsp;&nbsp;&nbsp;&nbsp;&nbsp;&nbsp;&nbsp;&nbsp;&nbsp;&nbsp;&nbsp;\u00deeir sem greitt hefur veri\u00f0 af til sj\u00f3\u00f0sins l\u00e1gmarksgjald og l\u00e1gmarkst\u00edma.<\/p>\n\n\n\n<p>9.4&nbsp;&nbsp;&nbsp;&nbsp;&nbsp;&nbsp;&nbsp;&nbsp;&nbsp;&nbsp;&nbsp;&nbsp;&nbsp;&nbsp;&nbsp;\u00deeir sem greitt hefur veri\u00f0 af til sj\u00fakrasj\u00f3\u00f0sins en hafa ekki n\u00e1\u00f0 l\u00e1gmarki, eiga r\u00e9tt til b\u00f3ta skv.gr. 12.1.1 \u00ed hlutfalli vi\u00f0 grei\u00f0lsu vi\u00f0komandi.<\/p>\n\n\n\n<p>9.5&nbsp;&nbsp;&nbsp;&nbsp;&nbsp;&nbsp;&nbsp;&nbsp;&nbsp;&nbsp;&nbsp;&nbsp;&nbsp;&nbsp;&nbsp;Hafi ums\u00e6kjandi veri\u00f0 fullgildur a\u00f0ili \u00ed sj\u00fakrasj\u00f3\u00f0i annars f\u00e9lags innan AS\u00cd \u00fear til hann byrjar grei\u00f0slu til sj\u00f3\u00f0sins, sbr. 10.gr.<\/p>\n\n\n\n<p>9.6&nbsp;&nbsp;&nbsp;&nbsp;&nbsp;&nbsp;&nbsp;&nbsp;&nbsp;&nbsp;&nbsp;&nbsp;&nbsp;&nbsp;&nbsp;L\u00e1gmarkst\u00edmi til fullra r\u00e9ttinda er eitt \u00e1r \u00fe.e. a\u00f0 f\u00e9lagsma\u00f0ur hafi greitt til sj\u00f3\u00f0sins sl.12 m\u00e1nu\u00f0i.<\/p>\n\n\n\n<p><strong>9.7&nbsp;&nbsp;&nbsp;&nbsp;&nbsp;&nbsp;&nbsp;&nbsp;&nbsp;&nbsp;&nbsp;&nbsp;&nbsp;&nbsp;&nbsp;<\/strong><strong><em><u>L\u00e1gmarksgjald \u00e1 12 m\u00e1na\u00f0a t\u00edmabili er 1% af kauptryggingu eins og h\u00fan er \u00e1 hverjum t\u00edma.<\/u><\/em><\/strong><\/p>\n\n\n\n<p><strong>10.gr.&nbsp;&nbsp; Samskipti sj\u00fakrasj\u00f3\u00f0s<\/strong><\/p>\n\n\n\n<p>10.1&nbsp;&nbsp;&nbsp;&nbsp;&nbsp;&nbsp;&nbsp;&nbsp;&nbsp;&nbsp;&nbsp;&nbsp;S\u00e1 sem \u00f6\u00f0last hefur r\u00e9tt til grei\u00f0slu sj\u00fakra- og slysadagpeninga \u00far sj\u00fakrasj\u00f3\u00f0i eins verkal\u00fd\u00f0sf\u00e9lags, \u00f6\u00f0last \u00feann r\u00e9tt hj\u00e1 n\u00fdjum sj\u00f3\u00f0i skv. \u00feeim reglum sem \u00fear gilda eftir a\u00f0 hafa greitt \u00ed \u00feann sj\u00f3\u00f0 \u00ed einn m\u00e1nu\u00f0, enda hafi hann fram a\u00f0 \u00fev\u00ed \u00e1tt r\u00e9tt hj\u00e1 fyrri sj\u00f3\u00f0um.<\/p>\n\n\n\n<p>10.2&nbsp;&nbsp;&nbsp;&nbsp;&nbsp;&nbsp;&nbsp;&nbsp;&nbsp;&nbsp;&nbsp;&nbsp;Vinni ma\u00f0ur \u00e1 fleiri en einum vinnusta\u00f0 og hafi veri\u00f0 greitt \u00ed fleiri en einn sj\u00fakrasj\u00f3\u00f0 \u00feegar s\u00f3tt er um grei\u00f0slu, skal ums\u00e6kjandi greina fr\u00e1 \u00fev\u00ed \u00ed hva\u00f0a sj\u00f3\u00f0i hann hefur greitt og er heimilt a\u00f0 fresta grei\u00f0lsu b\u00f3ta \u00feanga\u00f0 til fyrir liggur sta\u00f0festing annarra sj\u00f3\u00f0a \u00e1 \u00fev\u00ed a\u00f0 ums\u00e6kjandi hafi ekki s\u00f3tt um grei\u00f0slur \u00fea\u00f0an.&nbsp;Sj\u00fakrasj\u00f3\u00f0urinn skal leita sl\u00edkrar sta\u00f0festingar og gefa s\u00ed\u00f0an \u00f6\u00f0rum sj\u00f3\u00f0um yfirlit yfir \u00fe\u00e6r b\u00e6tur sem greiddar eru vegna ums\u00e6kjandans, tegund og fj\u00e1rh\u00e6\u00f0 b\u00f3ta.<\/p>\n\n\n\n<p><strong>11.gr.&nbsp;&nbsp; Geymd r\u00e9ttindi<\/strong><\/p>\n\n\n\n<p>11.1&nbsp;&nbsp;&nbsp;&nbsp;&nbsp;&nbsp;&nbsp;&nbsp;&nbsp;&nbsp;&nbsp;&nbsp;Heimilt er a\u00f0 veita \u00feeim sem l\u00e1ta af st\u00f6rfum eftir a\u00f0 67 \u00e1ra aldursmarki er n\u00e1\u00f0, r\u00e9ttindi til d\u00e1narb\u00f3ta \u00far sj\u00f3\u00f0unum.&nbsp;Stj\u00f3rn sj\u00f3\u00f0sins \u00e1kve\u00f0ur upph\u00e6\u00f0 b\u00f3ta sem er eingrei\u00f0sla.<\/p>\n\n\n\n<p><strong>12.gr.&nbsp;&nbsp; Styrkveitingar<\/strong>Markmi\u00f0 sj\u00f3\u00f0sins eru a\u00f0 styrkja f\u00e9lagsmenn Sj\u00f3mannaf\u00e9lagsins J\u00f6tuns vegna sj\u00fakd\u00f3ma e\u00f0a veikinda sem valda langvarandi \u00f3vinnuf\u00e6rni.<\/p>\n\n\n\n<p>12.1&nbsp;&nbsp;&nbsp;&nbsp;&nbsp;&nbsp;&nbsp;&nbsp;&nbsp;&nbsp;&nbsp;&nbsp;Um grei\u00f0slur \u00far sj\u00f3\u00f0num gilda eftirfarandi reglur:<\/p>\n\n\n\n<p>A.&nbsp;&nbsp;&nbsp;&nbsp;&nbsp;&nbsp;&nbsp;&nbsp;&nbsp;&nbsp;&nbsp;&nbsp;&nbsp;&nbsp;&nbsp;&nbsp;&nbsp;&nbsp;Sj\u00fakradagpeningar eru greiddir \u00feegar sj\u00f3\u00f0f\u00e9lagi n\u00fdtur ekki lengur launagrei\u00f0slna vegna langvarnandi \u00f3vinnuf\u00e6rni s\u00f6kum veikinda.<\/p>\n\n\n\n<p>B.&nbsp;&nbsp;&nbsp;&nbsp;&nbsp;&nbsp;&nbsp;&nbsp;&nbsp;&nbsp;&nbsp;&nbsp;&nbsp;&nbsp;&nbsp;&nbsp;&nbsp;&nbsp;Heimilt er a\u00f0 grei\u00f0a eingrei\u00f0slustyrk ef launatekjur falla ni\u00f0ur vegna langvarandi veikinda maka e\u00f0a barna.<\/p>\n\n\n\n<p>C.&nbsp;&nbsp;&nbsp;&nbsp;&nbsp;&nbsp;&nbsp;&nbsp;&nbsp;&nbsp;&nbsp;&nbsp;&nbsp;&nbsp;&nbsp;&nbsp;&nbsp;&nbsp;Styrkir til gleraugnakaupa, heyrnart\u00e6kjakaupa, augna\u00f0ger\u00f0a,&nbsp;<strong>styrkir til heilsueflingar og sj\u00fakra\u00fej\u00e1lfunar&nbsp;<\/strong>sbr. li\u00f0 G \u00ed grein 12.2.<\/p>\n\n\n\n<p>12.2&nbsp;&nbsp;&nbsp;&nbsp;&nbsp;&nbsp;&nbsp;&nbsp;&nbsp;&nbsp;&nbsp;&nbsp;Grei\u00f0slut\u00edmabil<\/p>\n\n\n\n<p>A.&nbsp;&nbsp;&nbsp;&nbsp;&nbsp;&nbsp;&nbsp;&nbsp;&nbsp;&nbsp;&nbsp;&nbsp;&nbsp;&nbsp;&nbsp;&nbsp;&nbsp;&nbsp;Sj\u00f3\u00f0f\u00e9lagi getur \u00e1tt r\u00e9tt \u00e1 dagpeningum \u00ed allt a\u00f0 120 daga, helga daga jafnt sem virka daga en \u00fe\u00f3 aldrei lengur en \u00f3vinnuf\u00e6rni varir. Endurn\u00fdast s\u00e1 r\u00e9ttur \u00e1 12 m\u00e1na\u00f0a fresti.<\/p>\n\n\n\n<p>B.&nbsp;&nbsp;&nbsp;&nbsp;&nbsp;&nbsp;&nbsp;&nbsp;&nbsp;&nbsp;&nbsp;&nbsp;&nbsp;&nbsp;&nbsp;&nbsp;&nbsp;&nbsp;Dagpeninga \u00ed 30daga, vegna langveikra barna 80% af dagpeningum sj\u00f3\u00f0f\u00e9laga.&nbsp;<strong>Endurn\u00fdast s\u00e1 r\u00e9ttur \u00e1 12 m\u00e1na\u00f0a fresti<\/strong><\/p>\n\n\n\n<p>C.&nbsp;&nbsp;&nbsp;&nbsp;&nbsp;&nbsp;&nbsp;&nbsp;&nbsp;&nbsp;&nbsp;&nbsp;&nbsp;&nbsp;&nbsp;&nbsp;&nbsp;&nbsp;Dagpeninga \u00ed 30 daga vegna alvarlega veikinda maka. 80% af dagpeningum sj\u00f3\u00f0f\u00e9laga. Endurn\u00fdast s\u00e1 r\u00e9ttur \u00e1 12 m\u00e1na\u00f0a fresti.<\/p>\n\n\n\n<p>D.\u00a0\u00a0\u00a0\u00a0\u00a0\u00a0\u00a0\u00a0\u00a0\u00a0\u00a0\u00a0\u00a0\u00a0\u00a0\u00a0\u00a0\u00a0Dagpeningar eru greiddir fr\u00e1 \u00feeim t\u00edma sem grei\u00f0slur\u00e9tti \u00far hendi atvinnurekenda e\u00f0a tryggingaf\u00e9lags\u00a0\u00a0\u00a0\u00a0\u00a0\u00a0\u00a0\u00a0\u00a0\u00a0\u00a0\u00a0\u00a0 \u00a0\u00a0\u00a0\u00a0\u00a0\u00a0\u00a0\u00a0\u00a0\u00a0\u00a0\u00a0\u00a0\u00a0\u00a0\u00a0\u00a0\u00a0\u00a0\u00a0\u00a0\u00a0\u00a0\u00a0\u00a0\u00a0\u00a0\u00a0\u00a0\u00a0\u00a0\u00a0\u00a0\u00a0\u00a0\u00a0\u00a0\u00a0\u00a0\u00a0\u00a0\u00a0\u00a0\u00a0\u00a0\u00a0\u00a0\u00a0\u00a0\u00a0\u00a0\u00a0\u00a0\u00a0\u00a0\u00a0\u00a0\u00a0\u00a0\u00a0\u00a0\u00a0\u00a0\u00a0\u00a0\u00a0\u00a0\u00a0\u00a0\u00a0\u00a0\u00a0\u00a0\u00a0\u00a0\u00a0\u00a0\u00a0\u00a0\u00a0\u00a0\u00a0\u00a0\u00a0\u00a0\u00a0\u00a0\u00a0\u00a0\u00a0\u00a0\u00a0\u00a0\u00a0\u00a0\u00a0\u00a0\u00a0\u00a0\u00a0\u00a0\u00a0\u00a0\u00a0\u00a0.<\/p>\n\n\n\n<p>12.3&nbsp;&nbsp;&nbsp;&nbsp;&nbsp;&nbsp;&nbsp;&nbsp;&nbsp;&nbsp;&nbsp;&nbsp;Endurn\u00fdjun r\u00e9ttinda.<\/p>\n\n\n\n<p>Me\u00f0 ums\u00f3kn \u00ed sj\u00fakrasj\u00f3\u00f0 skal fylga sta\u00f0festing fr\u00e1 launagrei\u00f0anda hven\u00e6r vi\u00f0komandi f\u00f3r af launaskr\u00e1, og a\u00f0rar \u00fe\u00e6r tekjur sem sj\u00f3\u00f0f\u00e9laginn kann a\u00f0 hafa.Allar tekjur sem sj\u00f3\u00f0f\u00e9lagi kann a\u00f0 hafa \u00e1 t\u00edmabilinu sem b\u00e6tur eru greiddar, dragast fr\u00e1&nbsp;sj\u00fakradagpeningum sem sj\u00f3\u00f0f\u00e9lagi\u00e1 r\u00e9tt \u00e1 \u00far sj\u00f3\u00f0num.Sj\u00fakradagpeninga skal grei\u00f0a \u00fat m\u00e1na\u00f0arlega.<\/p>\n\n\n\n<p>S\u00e1 sem fulln\u00fdtt hefur r\u00e9tt sinn til sj\u00fakradagpeninga \u00e1vinnur s\u00e9r r\u00e9tt til grei\u00f0slna a\u00f0 n\u00fdju \u00feegar hann hefur greitt til sj\u00f3\u00f0sins \u00ed 12 m\u00e1nu\u00f0i eftir a\u00f0 hann hefur st\u00f6rf aftur.<\/p>\n\n\n\n<p><strong>14.gr.&nbsp;&nbsp; Tilh\u00f6gun grei\u00f0slna \u00far sj\u00f3\u00f0num<\/strong><\/p>\n\n\n\n<p>14.1&nbsp;&nbsp;&nbsp;&nbsp;&nbsp;&nbsp;&nbsp;&nbsp;&nbsp;&nbsp;&nbsp;&nbsp;Afgrei\u00f0sla sj\u00f3\u00f0sins skal vera \u00e1 skrifstofu SJ og grei\u00f0ir sj\u00f3\u00f0urinn allan kostna\u00f0 sem af rekstri hans lei\u00f0ir.<\/p>\n\n\n\n<p>14.2&nbsp;&nbsp;&nbsp;&nbsp;&nbsp;&nbsp;&nbsp;&nbsp;&nbsp;&nbsp;&nbsp;&nbsp;Stj\u00f3rn sj\u00f3\u00f0sins setur n\u00e1nari reglur um fyrirkomulag \u00e1 grei\u00f0slu dagpeninga,styrkja og a\u00f0ra starfstilh\u00f6gun.<\/p>\n\n\n\n<p>14.3&nbsp;&nbsp;&nbsp;&nbsp;&nbsp;&nbsp;&nbsp;&nbsp;&nbsp;&nbsp;&nbsp;&nbsp;Ums\u00f3knum skal skila\u00f0 \u00e1 \u00fev\u00ed formi sem stj\u00f3rn sj\u00f3\u00f0sins \u00e1kve\u00f0ur og \u00feeim fylgi nau\u00f0synleg vottor\u00f0 sem tryggja r\u00e9ttm\u00e6ti grei\u00f0slna.<\/p>\n\n\n\n<p><strong>15.gr.&nbsp;&nbsp; Fyrning b\u00f3tar\u00e9ttar<\/strong><\/p>\n\n\n\n<p>15.1&nbsp;&nbsp;&nbsp;&nbsp;&nbsp;&nbsp;&nbsp;&nbsp;&nbsp;&nbsp;&nbsp;&nbsp;R\u00e9ttur til b\u00f3ta e\u00f0a styrkja \u00far sj\u00fakrasj\u00f3\u00f0i skv. regluger\u00f0 \u00feessari fellur ni\u00f0ur s\u00e9 \u00feeirra ekki vitja\u00f0 innan 12 m\u00e1na\u00f0a fr\u00e1 \u00fev\u00ed a\u00f0 r\u00e9tturinn stofnast.<\/p>\n\n\n\n<p><strong>16.gr.&nbsp;&nbsp; Endurgrei\u00f0sla i\u00f0gjalda<\/strong><\/p>\n\n\n\n<p>16.1&nbsp;&nbsp;&nbsp;&nbsp;&nbsp;&nbsp;&nbsp;&nbsp;&nbsp;&nbsp;&nbsp;&nbsp;I\u00f0gj\u00f6ld til sj\u00f3\u00f0sins endurgrei\u00f0ast ekki.<\/p>\n\n\n\n<p><strong>17.gr.&nbsp;&nbsp; Uppl\u00fdsingaskylda<\/strong><\/p>\n\n\n\n<p>17.1&nbsp;&nbsp;&nbsp;&nbsp;&nbsp;&nbsp;&nbsp;&nbsp;&nbsp;&nbsp;&nbsp;&nbsp;Stj\u00f3rn sj\u00f3\u00f0sins er skylt a\u00f0 uppl\u00fdsa sj\u00f3\u00f0sf\u00e9laga um r\u00e9tt \u00feeirra til a\u00f0sto\u00f0ar sj\u00f3\u00f0sins me\u00f0 \u00fatg\u00e1fu b\u00e6klinga e\u00f0a dreifirita.<\/p>\n\n\n\n<p><strong>18.gr.&nbsp;&nbsp; Breyting \u00e1 fj\u00e1rh\u00e6\u00f0um og styrkjum<\/strong><\/p>\n\n\n\n<p>18.1&nbsp;&nbsp;&nbsp;&nbsp;&nbsp;&nbsp;&nbsp;&nbsp;&nbsp;&nbsp;&nbsp;&nbsp;Stj\u00f3rn sj\u00f3\u00f0sins skal leggja fyrir a\u00f0alfund breytingar \u00e1 almennum reglum um fj\u00e1rh\u00e6\u00f0ir styrkja sem sj\u00f3\u00f0urinn grei\u00f0ir.<\/p>\n\n\n\n<p><strong>18.2&nbsp;&nbsp;&nbsp;&nbsp;&nbsp; Breytingar \u00e1 regluger\u00f0inni<\/strong>Breytingar \u00e1 regluger\u00f0inni ver\u00f0a a\u00f0eins ger\u00f0ar \u00e1 a\u00f0alfundi SJ.&nbsp;&nbsp;&nbsp;&nbsp;&nbsp;&nbsp;&nbsp;&nbsp;&nbsp;&nbsp;&nbsp;&nbsp;&nbsp;&nbsp;&nbsp;&nbsp;&nbsp;&nbsp;&nbsp;&nbsp;&nbsp;&nbsp;&nbsp;&nbsp;&nbsp;&nbsp;&nbsp;&nbsp;&nbsp;&nbsp;&nbsp;&nbsp;&nbsp;&nbsp;&nbsp;&nbsp;&nbsp; Sam\u00feykkt \u00e1 A\u00f0alfundi J\u00f6tuns 4. j\u00fan\u00ed 2010.<\/p>\n","protected":false},"excerpt":{"rendered":"<p>Regluger\u00f0 sj\u00fakrasj\u00f3\u00f0s Sj\u00f3mannaf\u00e9lagsins J\u00f6tuns 1.gr.&nbsp;&nbsp;&nbsp;&nbsp; Nafn sj\u00f3\u00f0sins og heimili 1.1&nbsp;&nbsp;&nbsp;&nbsp;&nbsp;&nbsp;&nbsp;&nbsp;&nbsp;&nbsp;&nbsp;&nbsp;&nbsp;&nbsp;&nbsp;Sj\u00f3\u00f0urinn heitir Sj\u00fakrasj\u00f3\u00f0ur Sj\u00f3mannaf\u00e9lagins J\u00f6tuns, skammstafa\u00f0 SJ. 1.2&nbsp;&nbsp;&nbsp;&nbsp;&nbsp;&nbsp;&nbsp;&nbsp;&nbsp;&nbsp;&nbsp;&nbsp;&nbsp;&nbsp;&nbsp;Sj\u00fakrasj\u00f3\u00f0ur SJ er stofna\u00f0ur samkv\u00e6mt samningi Sj\u00f3mannaf\u00e9lagsins J\u00f6tuns annarsvegar og \u00datvegsb\u00e6ndaf\u00e9lags Vestmannaeyja og Samtaka Atvinnul\u00edfsins hinsvegar. 1.3&nbsp;&nbsp;&nbsp;&nbsp;&nbsp;&nbsp;&nbsp;&nbsp;&nbsp;&nbsp;&nbsp;&nbsp;&nbsp;&nbsp;&nbsp;Sj\u00fakrasj\u00f3\u00f0ur SJ er eign SJ.&nbsp;Heimili hans og varnar\u00feing er \u00ed Vestmannaeyjum. 2.gr.&nbsp;&nbsp;&nbsp;&nbsp; Verkefni sj\u00f3\u00f0sins 2.1&nbsp;&nbsp;&nbsp;&nbsp;&nbsp;&nbsp;&nbsp;&nbsp;&nbsp;&nbsp;&nbsp;&nbsp;&nbsp;&nbsp;&nbsp;Verkefni sj\u00f3\u00f0sins er a\u00f0 veita sj\u00f3\u00f0sf\u00e9l\u00f6gum Sj\u00fakrasj\u00f3\u00f0s SJ fj\u00e1rhagsa\u00f0sto\u00f0 &hellip;<\/p>\n<p class=\"read-more\"> <a class=\"\" href=\"https:\/\/sjomannafelag.is\/index.php\/sjukrasjodur\/\"> <span class=\"screen-reader-text\">Sj\u00fakrasj\u00f3\u00f0ur<\/span> Read More &raquo;<\/a><\/p>\n","protected":false},"author":1,"featured_media":0,"parent":0,"menu_order":0,"comment_status":"closed","ping_status":"closed","template":"","meta":{"site-sidebar-layout":"default","site-content-layout":"","ast-site-content-layout":"","site-content-style":"default","site-sidebar-style":"default","ast-global-header-display":"","ast-banner-title-visibility":"","ast-main-header-display":"","ast-hfb-above-header-display":"","ast-hfb-below-header-display":"","ast-hfb-mobile-header-display":"","site-post-title":"","ast-breadcrumbs-content":"","ast-featured-img":"","footer-sml-layout":"","theme-transparent-header-meta":"","adv-header-id-meta":"","stick-header-meta":"","header-above-stick-meta":"","header-main-stick-meta":"","header-below-stick-meta":"","astra-migrate-meta-layouts":"","footnotes":""},"class_list":["post-10","page","type-page","status-publish","hentry"],"_links":{"self":[{"href":"https:\/\/sjomannafelag.is\/index.php\/wp-json\/wp\/v2\/pages\/10","targetHints":{"allow":["GET"]}}],"collection":[{"href":"https:\/\/sjomannafelag.is\/index.php\/wp-json\/wp\/v2\/pages"}],"about":[{"href":"https:\/\/sjomannafelag.is\/index.php\/wp-json\/wp\/v2\/types\/page"}],"author":[{"embeddable":true,"href":"https:\/\/sjomannafelag.is\/index.php\/wp-json\/wp\/v2\/users\/1"}],"replies":[{"embeddable":true,"href":"https:\/\/sjomannafelag.is\/index.php\/wp-json\/wp\/v2\/comments?post=10"}],"version-history":[{"count":2,"href":"https:\/\/sjomannafelag.is\/index.php\/wp-json\/wp\/v2\/pages\/10\/revisions"}],"predecessor-version":[{"id":89,"href":"https:\/\/sjomannafelag.is\/index.php\/wp-json\/wp\/v2\/pages\/10\/revisions\/89"}],"wp:attachment":[{"href":"https:\/\/sjomannafelag.is\/index.php\/wp-json\/wp\/v2\/media?parent=10"}],"curies":[{"name":"wp","href":"https:\/\/api.w.org\/{rel}","templated":true}]}}