{"id":27,"date":"2023-10-12T13:00:09","date_gmt":"2023-10-12T13:00:09","guid":{"rendered":"http:\/\/46.101.81.151\/?page_id=27"},"modified":"2024-02-07T10:04:18","modified_gmt":"2024-02-07T10:04:18","slug":"kjarasamningur-2023","status":"publish","type":"page","link":"https:\/\/sjomannafelag.is\/index.php\/kjarasamningur-2023\/","title":{"rendered":"Kjarasamningur 2024"},"content":{"rendered":"\n<p>H\u00e9r m\u00e1 n\u00e1lgast kynningu \u00e1 Kjarasamningi 2024 <\/p>\n\n\n\n<div data-wp-interactive=\"core\/file\" class=\"wp-block-file\"><object data-wp-bind--hidden=\"!state.hasPdfPreview\" hidden class=\"wp-block-file__embed\" data=\"http:\/\/sjomannafelag.is\/wp-content\/uploads\/2024\/02\/Sjomannasamningur-2024-kynning.pdf\" type=\"application\/pdf\" style=\"width:100%;height:600px\" aria-label=\"Embed of Sjo\u0301mannasamningur 2024 - kynning.\"><\/object><a id=\"wp-block-file--media-a1b72694-ca09-4b71-876a-7ed30423488e\" href=\"http:\/\/sjomannafelag.is\/wp-content\/uploads\/2024\/02\/Sjomannasamningur-2024-kynning.pdf\">Sjo\u0301mannasamningur 2024 &#8211; kynning<\/a><a href=\"http:\/\/sjomannafelag.is\/wp-content\/uploads\/2024\/02\/Sjomannasamningur-2024-kynning.pdf\" class=\"wp-block-file__button wp-element-button\" download aria-describedby=\"wp-block-file--media-a1b72694-ca09-4b71-876a-7ed30423488e\">Download<\/a><\/div>\n\n\n\n<div data-wp-interactive=\"core\/file\" class=\"wp-block-file\"><object data-wp-bind--hidden=\"!state.hasPdfPreview\" hidden class=\"wp-block-file__embed\" data=\"http:\/\/sjomannafelag.is\/wp-content\/uploads\/2024\/02\/Sjomannasamningur-2024-kynning.pdf\" type=\"application\/pdf\" style=\"width:100%;height:600px\" aria-label=\"Embed of Sjo\u0301mannasamningur 2024 - kynning.\"><\/object><a id=\"wp-block-file--media-be04b2bb-b482-411e-8be1-192ee084537c\" href=\"http:\/\/sjomannafelag.is\/wp-content\/uploads\/2024\/02\/Sjomannasamningur-2024-kynning.pdf\">Sjo\u0301mannasamningur 2024 &#8211; kynning<\/a><a href=\"http:\/\/sjomannafelag.is\/wp-content\/uploads\/2024\/02\/Sjomannasamningur-2024-kynning.pdf\" class=\"wp-block-file__button wp-element-button\" download aria-describedby=\"wp-block-file--media-be04b2bb-b482-411e-8be1-192ee084537c\">Download<\/a><\/div>\n","protected":false},"excerpt":{"rendered":"<p>H\u00e9r m\u00e1 n\u00e1lgast kynningu \u00e1 Kjarasamningi 2024<\/p>\n","protected":false},"author":1,"featured_media":0,"parent":0,"menu_order":0,"comment_status":"closed","ping_status":"closed","template":"","meta":{"site-sidebar-layout":"default","site-content-layout":"","ast-site-content-layout":"","site-content-style":"default","site-sidebar-style":"default","ast-global-header-display":"","ast-banner-title-visibility":"","ast-main-header-display":"","ast-hfb-above-header-display":"","ast-hfb-below-header-display":"","ast-hfb-mobile-header-display":"","site-post-title":"","ast-breadcrumbs-content":"","ast-featured-img":"","footer-sml-layout":"","theme-transparent-header-meta":"","adv-header-id-meta":"","stick-header-meta":"","header-above-stick-meta":"","header-main-stick-meta":"","header-below-stick-meta":"","astra-migrate-meta-layouts":"","footnotes":""},"class_list":["post-27","page","type-page","status-publish","hentry"],"_links":{"self":[{"href":"https:\/\/sjomannafelag.is\/index.php\/wp-json\/wp\/v2\/pages\/27","targetHints":{"allow":["GET"]}}],"collection":[{"href":"https:\/\/sjomannafelag.is\/index.php\/wp-json\/wp\/v2\/pages"}],"about":[{"href":"https:\/\/sjomannafelag.is\/index.php\/wp-json\/wp\/v2\/types\/page"}],"author":[{"embeddable":true,"href":"https:\/\/sjomannafelag.is\/index.php\/wp-json\/wp\/v2\/users\/1"}],"replies":[{"embeddable":true,"href":"https:\/\/sjomannafelag.is\/index.php\/wp-json\/wp\/v2\/comments?post=27"}],"version-history":[{"count":3,"href":"https:\/\/sjomannafelag.is\/index.php\/wp-json\/wp\/v2\/pages\/27\/revisions"}],"predecessor-version":[{"id":59,"href":"https:\/\/sjomannafelag.is\/index.php\/wp-json\/wp\/v2\/pages\/27\/revisions\/59"}],"wp:attachment":[{"href":"https:\/\/sjomannafelag.is\/index.php\/wp-json\/wp\/v2\/media?parent=27"}],"curies":[{"name":"wp","href":"https:\/\/api.w.org\/{rel}","templated":true}]}}