{"id":5,"date":"2023-10-12T12:48:43","date_gmt":"2023-10-12T12:48:43","guid":{"rendered":"http:\/\/46.101.81.151\/?page_id=5"},"modified":"2023-10-12T12:48:43","modified_gmt":"2023-10-12T12:48:43","slug":"log-felagsins","status":"publish","type":"page","link":"https:\/\/sjomannafelag.is\/index.php\/log-felagsins\/","title":{"rendered":"L\u00f6g f\u00e9lagsins"},"content":{"rendered":"\n<h2 class=\"wp-block-heading\">L\u00f6g Sj\u00f3mannaf\u00e9lagsins J\u00f6tuns<\/h2>\n\n\n\n<h3 class=\"wp-block-heading\"><strong>1. KAFLI<\/strong><\/h3>\n\n\n\n<p><strong>NAFN F\u00c9LAGSINS OG HLUTVERK<\/strong><\/p>\n\n\n\n<p><strong>1, gr.<\/strong><\/p>\n\n\n\n<p>Nafn f\u00e9lagsins er Sj\u00f3mannaf\u00e9lagi\u00f0 J\u00f6tunn, k.t. 670169-2439. F\u00e9lagssv\u00e6\u00f0i \u00feess er Vestmannaeyjar.<\/p>\n\n\n\n<p>F\u00e9lagi\u00f0 er a\u00f0ili a\u00f0 Sj\u00f3mannasambandi \u00cdslands sem er a\u00f0ili a\u00f0 Al\u00fe\u00fd\u00f0usambandi \u00cdslands. Heimili \u00feess og varnar\u00feing er \u00ed Vestmannaeyjum.<\/p>\n\n\n\n<p><strong>2. gr.<\/strong><\/p>\n\n\n\n<p>Tilgangur f\u00e9lagsins er:<\/p>\n\n\n\n<p>a) A\u00f0 sameina alla starfandi sj\u00f3menn.<\/p>\n\n\n\n<p>b) A\u00f0 vinna a\u00f0 sameiginlegum hagsmunam\u00e1lum f\u00e9lagsmanna, svo sem me\u00f0 \u00fev\u00ed a\u00f0 semja urn kaup og kj\u00f6r, b\u00e6ttan a\u00f0b\u00fana\u00f0 vi\u00f0 vinnu og g\u00e6ta \u00feess a\u00f0 ekki s\u00e9 gengi\u00f0 \u00e1 r\u00e9tt f\u00e9lagsmanna.<\/p>\n\n\n\n<p>c) A\u00f0 hafa n\u00e1na og vinsamlega samvinnu vi\u00f0 \u00f6ll verkal\u00fd\u00f0sf\u00e9l\u00f6g innan AS\u00cd.<\/p>\n\n\n\n<p>d) A\u00f0 vinna a\u00f0 fr\u00e6\u00f0slu- og menningarm\u00e1lum eftir \u00fev\u00ed sem a\u00f0st\u00e6\u00f0ur leyfa.<\/p>\n\n\n\n<p><strong>3. gr.<\/strong><\/p>\n\n\n\n<p>R\u00e9tt til inng\u00f6ngu \u00ed f\u00e9lagi\u00f0:<\/p>\n\n\n\n<p>\u00deeir sem atvinnu stunda \u00e1 sj\u00f3 e\u00f0a eru r\u00e1\u00f0nir \u00ed skipsr\u00fam, svo sem h\u00e1setar, b\u00e1tsmenn, netamenn, v\u00e9lstj\u00f3rar, matsveinar, ennfremur st\u00fdrimenn, er \u00e1\u00f0ur hafa veri\u00f0 f\u00e9lagsmenn og sj\u00e1lfir \u00f3ska \u00feess. Eru fullra 16 \u00e1ra a\u00f0 aldri.<\/p>\n\n\n\n<p>Standa ekk\u00ed \u00ed \u00f3b\u00e6ttum s\u00f6kum vi\u00f0 f\u00e9lagi\u00f0 e\u00f0a \u00f6nnur st\u00e9ttarf\u00e9l\u00f6g innan AS\u00cd, sem vi\u00f0komandi hefur veri\u00f0 \u00ed.<\/p>\n\n\n\n<p>Eru ekki fullgildir f\u00e9lagsmenn \u00ed \u00f6\u00f0ru f\u00e9lagi innan AS\u00cd.<\/p>\n\n\n\n<p>Eru ekki atvinnurekendur e\u00f0a verkstj\u00f3rar sem eing\u00f6ngu stunda verkstj\u00f3rn.<\/p>\n\n\n\n<p>Matsveinar sem eru \u00e1 fiskiskipum sem ger\u00f0 eru \u00fat fr\u00e1 Vestmannaeyjum, og eru f\u00e9lagsmenn \u00ed Sj\u00f3mannaf\u00e9laginu J\u00f6tni, skulu eiga r\u00e9tt \u00e1 a\u00f0 tilnefna einn mann \u00ed stj\u00f3rn f\u00e9lagsins og tvo \u00ed tr\u00fana\u00f0arr\u00e1\u00f0, \u00far s\u00ednum h\u00f3pi, \u00e1 a\u00f0alfundi f\u00e9lagsins.<\/p>\n\n\n\n<p>\u2003<\/p>\n\n\n\n<p><strong>4. gr.<\/strong><\/p>\n\n\n\n<p>\u00c1kv\u00e6\u00f0i um aukaf\u00e9laga:<\/p>\n\n\n\n<p>Heimilt er a\u00f0 taka \u00ed f\u00e9lagi\u00f0 sem aukaf\u00e9laga, unglinga innan 16 \u00e1ra aldurs og a\u00f0ra sem stunda vinnu \u00ed greininni \u00e1 starfssv\u00e6\u00f0i f\u00e9lagsins um stundarsakir en eiga ekki r\u00e9tt til inng\u00f6ngu \u00ed f\u00e9lagi\u00f0.<\/p>\n\n\n\n<p>Aukaf\u00e9lagar grei\u00f0i gjald sem samsvarar fullu f\u00e9lagsgjaldi \u00e1 me\u00f0an \u00feeir eru \u00e1 f\u00e9lagssv\u00e6\u00f0inu, hafa m\u00e1lfrelsi og till\u00f6gur\u00e9tt \u00e1 fundum f\u00e9lagsins, en ekki atkv\u00e6\u00f0ar\u00e9tt n\u00e9 kj\u00f6rgengi. Skyldur f\u00e9lagsins gagnvart aukaf\u00e9l\u00f6gum eru hinar s\u00f6mu og gagnvart a\u00f0alf\u00e9l\u00f6gum.<\/p>\n\n\n\n<p><strong>5. gr.<\/strong><\/p>\n\n\n\n<p>S\u00e1 sem \u00f3skar inng\u00f6ngu \u00ed f\u00e9lagi\u00f0 skal senda skriflega innt\u00f6kubei\u00f0ni til stj\u00f3rnar f\u00e9lagsins, sam\u00feykki meirihluti m\u00e6ttra stj\u00f3rnarmanna innt\u00f6kubei\u00f0nina, er ums\u00e6kjandi or\u00f0inn l\u00f6glegur f\u00e9lagi. Felli stj\u00f3rnarfundur hins vegar innt\u00f6kubei\u00f0ni, hefur ums\u00e6kjandi r\u00e9tt til a\u00f0 v\u00edsa innt\u00f6kubei\u00f0ni sinni til f\u00e9lagsfundar. Synji f\u00e9lagsfundur um inng\u00f6ngu \u00ed f\u00e9lagi\u00f0 getur a\u00f0ili\u00ed skoti\u00f0 m\u00e1linu til mi\u00f0stj\u00f3rnar AS\u00cd e\u00f0a framkv\u00e6mdastj\u00f3rnar s\u00e9rsambanda sem f\u00e9lagi\u00f0 er a\u00f0ili a\u00f0, eftir \u00fev\u00ed sem vi\u00f0 \u00e1, en \u00farskur\u00f0ur f\u00e9lagsfundar gildir \u00fear til mi\u00f0stj\u00f3rn e\u00f0a framkv\u00e6mdastj\u00f3rn hefur \u00farskur\u00f0a\u00f0 anna\u00f0.<\/p>\n\n\n\n<p><strong>6. gr.<\/strong><\/p>\n\n\n\n<p>\u00dars\u00f6gn \u00far f\u00e9laginu getur \u00fev\u00ed a\u00f0eins \u00e1tt s\u00e9r sta\u00f0 a\u00f0 \u00farsegjandi s\u00e9 skuldlaus vi\u00f0 f\u00e9lagi\u00f0. \u00dars\u00f6gn skal vera skrifleg og ger\u00f0 grein fyrir \u00e1st\u00e6\u00f0um hennar. H\u00fan skal afhent formanni f\u00e9lagsins e\u00f0a skrifstofu \u00e1samt f\u00e9lagssk\u00edrteini \u00farsegjanda.<\/p>\n\n\n\n<p>F\u00e9lagsmenn halda f\u00e9lagsr\u00e9ttindum me\u00f0an \u00feeir gegna tr\u00fana\u00f0arst\u00f6rfum \u00ed verkal\u00fd\u00f0shreyfingunni. Enginn getur sagt sig \u00far f\u00e9laginu eftir a\u00f0 atkv\u00e6\u00f0agrei\u00f0sla um vinnust\u00f6\u00f0vun hefur veri\u00f0 augl\u00fdst, e\u00f0a \u00e1kv\u00f6r\u00f0un um vinnust\u00f6\u00f0vun hefur veri\u00f0 tekin af f\u00e9laginu e\u00f0a tr\u00fana\u00f0armannar\u00e1\u00f0i, og \u00fear til vinnust\u00f6\u00f0vuninni hefur veri\u00f0 afl\u00fdst. Einnig er \u00f3heimilt a\u00f0 segja sig \u00far f\u00e9laginu til \u00feess a\u00f0 taka upp st\u00f6rf f\u00e9lagsmanna \u00ed \u00f6\u00f0ru f\u00e9lagi, er lagt hefur ni\u00f0ur vinnu vegna vinnudeilu.<\/p>\n\n\n\n<h3 class=\"wp-block-heading\">2. KAFLI<\/h3>\n\n\n\n<p><strong>R\u00c9TTINDI OG SKYLDUR F\u00c9LAGSMANNA,<\/strong><\/p>\n\n\n\n<p><strong>R\u00c9TTINDAMISSIR, BROTTREKSTUR.<\/strong><\/p>\n\n\n\n<p><strong>7. gr.<\/strong><\/p>\n\n\n\n<p>R\u00e9ttindi f\u00e9lagsmanna eru eftirfarandi:<\/p>\n\n\n\n<p>a) M\u00e1lfrelsi, till\u00f6gu- og atkv\u00e6\u00f0isr\u00e9ttur \u00e1 f\u00e9lagsfundum svo og kj\u00f6rgengi. Atkv\u00e6\u00f0isr\u00e9ttur um kjarasamninga fer eftir n\u00e1nari \u00e1kv\u00f6r\u00f0un f\u00e9lagsfundar.<\/p>\n\n\n\n<p>b) R\u00e9ttur \u00e1 styrkjum \u00far sj\u00f3\u00f0um f\u00e9lagsins, svo sem n\u00e1nar er \u00e1kve\u00f0i\u00f0 \u00ed regluger\u00f0um sj\u00f3\u00f0anna.<\/p>\n\n\n\n<p>c) R\u00e9ttur til a\u00f0 vinna eftir \u00feeim kj\u00f6rum sem samningar f\u00e9lagsins \u00e1kve\u00f0a hverju sinni.<\/p>\n\n\n\n<p>d) R\u00e9ttur \u00e1 a\u00f0sto\u00f0 f\u00e9lagsins vegna vanefnda atvinnurekanda \u00e1 samningum.<\/p>\n\n\n\n<p>\u2003<\/p>\n\n\n\n<p><strong>8. gr.<\/strong><\/p>\n\n\n\n<p>Skyldur f\u00e9lagsmanna eru:<\/p>\n\n\n\n<p>a) A\u00f0 hl\u00fdta l\u00f6gum f\u00e9lagsins, fundarsk\u00f6pum, fundarsam\u00feykktum og samningum \u00ed \u00f6llum greinum.<\/p>\n\n\n\n<p>b) A\u00f0 grei\u00f0a f\u00e9lagsgj\u00f6ld \u00e1 r\u00e9ttum gjalddaga.<\/p>\n\n\n\n<p>c) A\u00f0 gegna tr\u00fana\u00f0arst\u00f6rfum fyrir f\u00e9lagi\u00f0. \u00de\u00f3 getur starfandi stj\u00f3rnarma\u00f0ur, sem veri\u00f0 hefur 5 \u00e1r e\u00f0a lengur \u00ed stj\u00f3rn f\u00e9lagsins samfellt, skorast undan stj\u00f3rnarst\u00f6rfum \u00ed jafnlangan t\u00edma. Hafi f\u00e9lagsma\u00f0ur gegnt tr\u00fana\u00f0arstarfi fyrir f\u00e9lagi\u00f0 \u00ed 10 \u00e1r e\u00f0a lengur getur hann skorast undan endurkj\u00f6ri.<\/p>\n\n\n\n<p>d) A\u00f0 vinna ekki me\u00f0 \u00f3f\u00e9lagsbundnum m\u00f6nnum \u00ed greininni og er skylt a\u00f0 tilkynna til f\u00e9lagsins ef \u00feeir ver\u00f0a varir vi\u00f0 brot \u00ed \u00feessum efnum.<\/p>\n\n\n\n<p><strong>9. gr.<\/strong><\/p>\n\n\n\n<p>a) F\u00e9lagsgj\u00f6ld eru \u00e1kve\u00f0in \u00e1 a\u00f0alfundi .<\/p>\n\n\n\n<p>b) F\u00e9lagsgj\u00f6ld skulu innheimt sem \u00e1kve\u00f0in % af launum, en \u00fe\u00f3 er heimilt a\u00f0 \u00e1kve\u00f0a l\u00e1gmarksgjald e\u00f0a h\u00e1marksgjald.<\/p>\n\n\n\n<p>c) F\u00e9lagar 60 \u00e1ra og eldri sem ekki starfa \u00e1 samningum f\u00e9lagsins en \u00f3ska eftir \u00fev\u00ed a\u00f0 vera \u00e1fram \u00ed f\u00e9laginu skulu vera gjaldfr\u00edir.<\/p>\n\n\n\n<p>d) F\u00e9lagar sem ekki starfa \u00e1 samningum f\u00e9lagsins en \u00f3ska eftir \u00fev\u00ed a\u00f0 vera \u00e1fram \u00ed f\u00e9laginu skulu grei\u00f0a l\u00e1gmarksgjald sem AS\u00cd \u00e1kve\u00f0ur.<\/p>\n\n\n\n<p>e) Hver s\u00e1 f\u00e9lagsma\u00f0ur sem skuldar l\u00f6gbo\u00f0in gj\u00f6ld til f\u00e9lagsins fyrir 6 m\u00e1nu\u00f0i e\u00f0a meira n\u00fdtur ekki fullra f\u00e9lagsr\u00e9ttinda, svo sem atkv\u00e6\u00f0ar\u00e9ttar, kj\u00f6rgengis n\u00e9 styrkja \u00far sj\u00f3\u00f0um f\u00e9lagsins. F\u00e9lagsr\u00e9ttindi \u00f6\u00f0last hann ekki \u00e1 n\u00fd fyrr en skuldin er a\u00f0 fullu greidd. Tveggja \u00e1ra skuld var\u00f0ar \u00fatstrikun af f\u00e9lagsskr\u00e1. Stj\u00f3rn f\u00e9lagsins getur heimila\u00f0 \u00feeim sem sj\u00fakir eru og falli\u00f0 hafa af launaskr\u00e1 e\u00f0a stunda\u00f0 n\u00e1m eftirgj\u00f6f \u00e1 f\u00e9lagsgjaldi.<\/p>\n\n\n\n<p><strong>10. gr.<\/strong><\/p>\n\n\n\n<p>Ef f\u00e9lagsma\u00f0ur er saka\u00f0ur um brot \u00e1 l\u00f6gum f\u00e9lagsins skal m\u00e1li\u00f0 teki\u00f0 fyrir \u00e1 stj\u00f3rnarfundi, sem \u00e1kve\u00f0ur hvort veita skuli \u00e1minningu, beita f\u00e9sektum e\u00f0a v\u00edkja f\u00e9lagsmanni brott \u00far f\u00e9laginu, me\u00f0 einf\u00f6ldum atkv\u00e6\u00f0ameirihluta. Skj\u00f3ta m\u00e1 \u00feeim \u00farskur\u00f0i til f\u00e9lagsfundar.<\/p>\n\n\n\n<p>Hver s\u00e1 ma\u00f0ur er r\u00e6kur \u00far f\u00e9laginu \u00ed lengri e\u00f0a skernmri t\u00edma, sem a\u00f0 \u00e1liti f\u00e9lagsfundar hefur unni\u00f0 gegn hagsmunum f\u00e9lagsins, baka\u00f0 tj\u00f3n e\u00f0a gert \u00fev\u00ed eitthva\u00f0 til vansa, sem ekki er \u00e1liti\u00f0 a\u00f0 b\u00e6tt ver\u00f0i me\u00f0 f\u00e9, svo og hver sem ekki hl\u00fd\u00f0ir l\u00f6gum \u00feess eftir gefna \u00e1minningu \u00ed f\u00e9laginu.<\/p>\n\n\n\n<p>\u00darskur\u00f0i f\u00e9lagsfundur um \u00e1minningu, f\u00e9sektir e\u00f0a brottv\u00edsun f\u00e9lagsmanna m\u00e1 v\u00edsa til vi\u00f0komandi s\u00e9rsambands og e\u00f0a Al\u00fe\u00fd\u00f0usambandsins, en \u00farskur\u00f0ur f\u00e9lagsfundar gildir \u00fear til sambandi\u00f0 \u00e1kve\u00f0ur anna\u00f0.<\/p>\n\n\n\n<p>Hafi f\u00e9lagsmanni veri\u00f0 viki\u00f0 \u00far f\u00e9laginu, \u00e1 hann ekki afturkv\u00e6mt \u00ed f\u00e9lagi\u00f0 nema innt\u00f6kubei\u00f0ni hans s\u00e9 sam\u00feykkt \u00e1 l\u00f6gm\u00e6tum f\u00e9lagsfundi.\u2003<\/p>\n\n\n\n<h3 class=\"wp-block-heading\">3. KAFLI<\/h3>\n\n\n\n<p><strong>STJ\u00d3RN OG TR\u00daNA\u00d0ARR\u00c1\u00d0<\/strong><\/p>\n\n\n\n<p><strong>11. gr.<\/strong><\/p>\n\n\n\n<p>Stj\u00f3rn f\u00e9lagsins skipa 5&nbsp;menn og 3&nbsp;til vara.<\/p>\n\n\n\n<p>Forma\u00f0ur, varaforma\u00f0ur, ritari, vararitari, gjaldkeri og tveir me\u00f0stj\u00f3rnendur. Varastj\u00f3rn skipa 3&nbsp;menn. Kj\u00f6rt\u00edmabil stj\u00f3rnar skal vera 4&nbsp;\u00e1r.<\/p>\n\n\n\n<p><strong>12. gr.<\/strong><\/p>\n\n\n\n<p>Stj\u00f3rnin hefur \u00e1 hendi yfirstj\u00f3rn allra f\u00e9lagsm\u00e1la milli f\u00e9lagsfunda. Stj\u00f3rnin bo\u00f0ar til f\u00e9lagsfundar sbr. 17. gr. H\u00fan r\u00e6\u00f0ur starfsmenn f\u00e9lagsins, \u00e1kve\u00f0ur laun \u00feeirra og vinnuskilyr\u00f0i.<\/p>\n\n\n\n<p>Stj\u00f3rnin ber sameiginlega \u00e1byrg\u00f0 \u00e1 eigum f\u00e9lagsins, stj\u00f3rn f\u00e9lagsins er skylt a\u00f0 stu\u00f0la a\u00f0 \u00fev\u00ed a\u00f0 allt er var\u00f0ar s\u00f6gu f\u00e9lagsins s\u00e9 sem best var\u00f0veitt. L\u00e1ti f\u00e9lagsma\u00f0ur af tr\u00fana\u00f0arst\u00f6rfum er hann gegnir fyrir f\u00e9lagi\u00f0 er honum skylt a\u00f0 skila af s\u00e9r \u00f6llum g\u00f6gnum er tr\u00fana\u00f0arstarf hans var\u00f0a.<\/p>\n\n\n\n<p><strong>13. gr.<\/strong><\/p>\n\n\n\n<p>Forma\u00f0ur f\u00e9lagsins kve\u00f0ur til stj\u00f3rnarfunda og stj\u00f3rnar \u00feeim. Formanni er skylt a\u00f0 halda stj\u00f3rnarfund \u00f3ski a.m.k. 2 stj\u00f3rnarmenn eftir \u00fev\u00ed. Forma\u00f0ur undirritar ger\u00f0ab\u00e6kur f\u00e9lagsins og g\u00e6tir \u00feess a\u00f0 allir stj\u00f3rnarmenn geri skyldu s\u00edna. Hann hefur eftirlit me\u00f0 starfsemi f\u00e9lagsins og eftirlit me\u00f0 \u00fev\u00ed a\u00f0 l\u00f6gum \u00feess og sam\u00feykktum s\u00e9 fylgt \u00ed \u00f6llum greinum. Varastj\u00f3rnarmenn taka s\u00e6ti \u00ed stj\u00f3rn \u00ed forf\u00f6llum a\u00f0almanna. Varaforma\u00f0ur gegnir \u00f6llum st\u00f6rfum formanns \u00ed forf\u00f6llum hans. Andist f\u00e9lagsma\u00f0ur e\u00f0a flytist b\u00faferlum sem gengt hefur tr\u00fana\u00f0arst\u00f6rfum \u00ed stj\u00f3rn f\u00e9lagsins, skal stj\u00f3rnin tilnefna sta\u00f0gengil hans \u00fear til reglulegt stj\u00f3rnarkj\u00f6r samkv\u00e6mt l\u00f6gum f\u00e9lagsins fer fram \u00e1 a\u00f0alfundi \u00feess.<\/p>\n\n\n\n<p><strong>14. gr.<\/strong><\/p>\n\n\n\n<p>Ritari ber \u00e1byrg\u00f0 \u00e1 a\u00f0 ger\u00f0ab\u00e6kur f\u00e9lagsins s\u00e9u haldnar og f\u00e6r\u00f0ar \u00ed \u00fe\u00e6r allar fundarger\u00f0ir og lagabreytingar. Hann undirritar ger\u00f0ab\u00e6kur f\u00e9lagsins \u00e1samt formanni. Heimilt er a\u00f0 hlj\u00f3\u00f0rita fundi f\u00e9lagsins.<\/p>\n\n\n\n<p><strong>15. gr.<\/strong><\/p>\n\n\n\n<p>Gjaldkeri hefur \u00e1 hendi eftirlit me\u00f0 fj\u00e1rrey\u00f0um og innheimtu f\u00e9lagsins og b\u00f3kf\u00e6rslu, eftir n\u00e1nari fyrirm\u00e6lum stj\u00f3rnar.<\/p>\n\n\n\n<p><strong>16. gr.<\/strong><\/p>\n\n\n\n<p>Tr\u00fana\u00f0arr\u00e1\u00f0 skal vera starfandi \u00ed f\u00e9laginu.<\/p>\n\n\n\n<p>\u00cd r\u00e1\u00f0inu eiga s\u00e6ti stj\u00f3rn og varastj\u00f3rn f\u00e9lagsins og 3&nbsp;fullgildir f\u00e9lagsmenn sem kosnir eru \u00ed r\u00e1\u00f0i\u00f0 eftir s\u00f6mu reglum og til sama t\u00edma og stj\u00f3rn f\u00e9lagsins. 3 varamenn skulu kosnir \u00ed tr\u00fana\u00f0arr\u00e1\u00f0i\u00f0 um lei\u00f0 og a\u00f0almenn eru kosnir. Forma\u00f0ur f\u00e9lagsins skal vera forma\u00f0ur tr\u00fana\u00f0arr\u00e1\u00f0s og ritari f\u00e9lagsins ritari \u00feess. Forma\u00f0ur kve\u00f0ur tr\u00fana\u00f0arr\u00e1\u00f0 til fundar me\u00f0 \u00feeim h\u00e6tti er hann telur heppilegast. Skylt er formanni a\u00f0 bo\u00f0a til tr\u00fana\u00f0arr\u00e1\u00f0sfundar ef \u00feri\u00f0jungur tr\u00fana\u00f0arr\u00e1\u00f0s \u00f3skar \u00feess og tilgreinir fundarefni.<\/p>\n\n\n\n<p>\u2003<\/p>\n\n\n\n<p>Tr\u00fana\u00f0arr\u00e1\u00f0sfundur er l\u00f6glegur er meirihluti r\u00e1\u00f0smanna m\u00e6tir. Forma\u00f0ur getur \u00ed nafni f\u00e9lagsstj\u00f3rnar kalla\u00f0 saman tr\u00fana\u00f0arr\u00e1\u00f0 stj\u00f3rninni til a\u00f0sto\u00f0ar, um mikilsver\u00f0 m\u00e1l sem ber a\u00f0 h\u00f6ndum og \u00fearfnast strax \u00farlausnar og ekki eru t\u00f6k \u00e1 a\u00f0 n\u00e1 saman f\u00e9lagsfundi, og r\u00e6\u00f0ur \u00farslitum \u00ed sl\u00edkum m\u00e1lum einfaldur meirihluti fundar.<\/p>\n\n\n\n<p>Hlutverk tr\u00fana\u00f0arr\u00e1\u00f0s er m.a. auk ofanrita\u00f0s.<\/p>\n\n\n\n<p>* A\u00f0 m\u00f3ta stefnu f\u00e9lagsins \u00ed mikilsver\u00f0um m\u00e1lum.<\/p>\n\n\n\n<p>* A\u00f0 gera till\u00f6gu um atkv\u00e6\u00f0agrei\u00f0slu um verkfallsbo\u00f0un.<\/p>\n\n\n\n<p>* A\u00f0 leggja mat \u00e1 samninga \u00e1\u00f0ur en \u00feeir eru bornir undir atkv\u00e6\u00f0i.<\/p>\n\n\n\n<p><strong>17. gr.<\/strong><\/p>\n\n\n\n<p>Samninganefnd skal vera starfandi \u00ed f\u00e9laginu. Hlutverk hennar er a\u00f0 annast um kjarasamningager\u00f0 fyrir h\u00f6nd f\u00e9lagsins. Nefndin skal kj\u00f6rin af tr\u00fana\u00f0arr\u00e1\u00f0i og \u00ed henni eiga s\u00e6ti sex menn. Forma\u00f0ur f\u00e9lagsins skal vera forma\u00f0ur samninganefndar nema anna\u00f0 s\u00e9 \u00e1kve\u00f0i\u00f0 \u00ed l\u00f6gum f\u00e9lagsins.<\/p>\n\n\n\n<p><strong>18. gr.<\/strong><\/p>\n\n\n\n<p>Kj\u00f6rstj\u00f3rn skal vera starfandi \u00ed f\u00e9laginu. Hlutverk hennar er a\u00f0 annast um stj\u00f3rn atkv\u00e6\u00f0agrei\u00f0slna um kjarasamninga, verkf\u00f6ll og allsherjaratkv\u00e6\u00f0agrei\u00f0slur skv. l\u00f6gum f\u00e9lagsins. Stj\u00f3rnin skal kj\u00f6rin af a\u00f0alfundi og \u00ed henni eiga s\u00e6ti tveir menn og tveir til vara. Vi\u00f0 stj\u00f3rnun atkv\u00e6\u00f0agrei\u00f0slna um kjarasamninga og verkf\u00f6ll skipar tr\u00fana\u00f0arr\u00e1\u00f0 \u00feri\u00f0ja manninn og skal hann vera forma\u00f0ur stj\u00f3rnarinnar. Vi\u00f0 stj\u00f3rnun allsherjaratkv\u00e6\u00f0agrei\u00f0slna um \u00f6nnur atri\u00f0i skv. l\u00f6gum f\u00e9lagsins og e\u00f0a l\u00f6gum AS\u00cd.<\/p>\n\n\n\n<h3 class=\"wp-block-heading\">4. KAFLI<\/h3>\n\n\n\n<p><strong>FUNDIR OG STJ\u00d3RNARKJ\u00d6R.<\/strong><\/p>\n\n\n\n<p><strong>19. gr.<\/strong><\/p>\n\n\n\n<p>F\u00e9lagsfundir skulu haldnir \u00feegar f\u00e9lagsstj\u00f3rn \u00e1l\u00edtur \u00feess \u00fe\u00f6rf e\u00f0a minnst 30 fullgildir f\u00e9lagsmenn \u00f3ska \u00feess vi\u00f0 stj\u00f3rn f\u00e9lagsins og tilgreina fundarefni. Fundir skulu bo\u00f0a\u00f0ir me\u00f0 minnst tveggja s\u00f3larhringa fyrirvara me\u00f0 uppfestum augl\u00fdsingum og \u00ed dagbl\u00f6\u00f0um. \u00de\u00f3 m\u00e1 \u00ed sambandi vi\u00f0 vinnudeilur og verkfallsbo\u00f0anir bo\u00f0a fund me\u00f0 skemmri fyrirvara. Fundur er l\u00f6gm\u00e6tur ef l\u00f6glega er til hans bo\u00f0a\u00f0. Fundum f\u00e9lagsins skal stj\u00f3rna\u00f0 eftir almennum fundarsk\u00f6pum. \u00c1greiningsatri\u00f0i um fundarsk\u00f6p \u00farskur\u00f0ar fundarstj\u00f3ri hverju sinni me\u00f0 r\u00f6kstuddum \u00farskur\u00f0i. \u00d3ski einstaka f\u00e9lagsma\u00f0ur eftir skriflegri atkv\u00e6\u00f0agrei\u00f0slu \u00e1 f\u00e9lagsfundi er fundarstj\u00f3ra skylt a\u00f0 ver\u00f0a vi\u00f0 \u00feeirri \u00f3sk.<\/p>\n\n\n\n<p><strong>20. gr.<\/strong><\/p>\n\n\n\n<p>A\u00f0alfundur f\u00e9lagsins skal haldinn fyrir lok ma\u00ed \u00e1r hvert. A\u00f0alfundur skal bo\u00f0a\u00f0ur me\u00f0 dagskr\u00e1 me\u00f0 2 daga fyrirvara og er hann l\u00f6gm\u00e6tur ef l\u00f6glega er til hans bo\u00f0a\u00f0. Reiknis\u00e1r f\u00e9lagsins skal vera almanaks\u00e1ri\u00f0.<\/p>\n\n\n\n<p>\u00c1 a\u00f0alfundi skulu tekin fyrir:<\/p>\n\n\n\n<p>1. Sk\u00fdrsla stj\u00f3rnar fyrir li\u00f0i\u00f0 starfs\u00e1r.<\/p>\n\n\n\n<p>2. Endursko\u00f0a\u00f0ir reikningar f\u00e9lagsins lag\u00f0ir fram tiI afgrei\u00f0slu.<\/p>\n\n\n\n<p>3. Kosning stj\u00f3rnar, varastj\u00f3rnar og tr\u00fana\u00f0armannar\u00e1\u00f0s enda fari kosning ekki fram me\u00f0 allsherjaratkv\u00e6\u00f0agrei\u00f0slu.<\/p>\n\n\n\n<p>4. Kosning 2 sko\u00f0unarmanna og 1 til vara.<\/p>\n\n\n\n<p>5. Kosning annarra stj\u00f3rna og r\u00e1\u00f0a sem l\u00f6g og regluger\u00f0ir f\u00e9lagsins kve\u00f0a \u00e1 um.<\/p>\n\n\n\n<p>6. \u00d6nnur m\u00e1l.&nbsp;<\/p>\n\n\n\n<p><strong>21. gr.<\/strong><\/p>\n\n\n\n<p>Tr\u00fana\u00f0arr\u00e1\u00f0 getur bori\u00f0 fram lista e\u00f0a till\u00f6gu, um stj\u00f3rn og tr\u00fana\u00f0arr\u00e1\u00f0 sem \u00ed kj\u00f6ri eru vi\u00f0 kosningu stj\u00f3rnar og tr\u00fana\u00f0arr\u00e1\u00f0s. Engin me\u00f0m\u00e6li \u00feurfa a\u00f0 fylgja till\u00f6gu tr\u00fana\u00f0arr\u00e1\u00f0s. N\u00fa vilja a\u00f0rir f\u00e9lagsmenn leggja fram lista vi\u00f0 kj\u00f6r stj\u00f3rnar og tr\u00fana\u00f0arr\u00e1\u00f0s og \u00fearf \u00fe\u00e1 a\u00f0 fylgja listanum skrifleg me\u00f0m\u00e6li minnst 50 fullgildra f\u00e9lagsmanna.<\/p>\n\n\n\n<p>Kj\u00f3sa skal stj\u00f3rn og tr\u00fana\u00f0arr\u00e1\u00f0 sbr. 11. og 16. gr. \u00e1 a\u00f0alfundi, nema stj\u00f3rnarkj\u00f6r s\u00e9 \u00e1kve\u00f0i\u00f0 skv. 3. mgr. \u00feessarar greinar.<\/p>\n\n\n\n<p>\u00cd stj\u00f3rn skal s\u00e9rstaklega kj\u00f3sa formann, varaformann, ritara, vararitara, gjaldkera, og tvo me\u00f0stj\u00f3rnendur.<\/p>\n\n\n\n<p>Heimilt er a\u00f0 vi\u00f0hafa allsherjaratkv\u00e6\u00f0agrei\u00f0slu vi\u00f0 kj\u00f6r stj\u00f3rnar og tr\u00fana\u00f0arr\u00e1\u00f0s og skal um tilh\u00f6gun hennar fara eftir regluger\u00f0 AS\u00cd \u00fear a\u00f0 l\u00fatandi.<\/p>\n\n\n\n<h3 class=\"wp-block-heading\">5. Kafli fj\u00e1rm\u00e1l.<\/h3>\n\n\n\n<p><strong>22. gr.<\/strong><\/p>\n\n\n\n<p>A\u00f0alfundur skal \u00e1kve\u00f0a upph\u00e6\u00f0 og grei\u00f0slum\u00e1ta f\u00e9lagsgjalda. Regluger\u00f0 AS\u00cd \u00e1kve\u00f0ur \u00fe\u00f3 l\u00e1gmarksf\u00e9lagsgjald verkal\u00fd\u00f0sf\u00e9lags hverju sinni, sbr. 41. gr. laga AS\u00cd.<\/p>\n\n\n\n<p><strong>23. gr<\/strong><\/p>\n\n\n\n<p>Af tekjum f\u00e9lagsins skal grei\u00f0a \u00f6ll \u00fatgj\u00f6ld \u00feess, skatt til vi\u00f0komandi landssambands, skatt til AS\u00cd og annan kostna\u00f0, er stafar fr\u00e1 sam\u00feykktum f\u00e9lagsfundar e\u00f0a stj\u00f3rnar. Vi\u00f0 meirih\u00e1ttar r\u00e1\u00f0stafanir \u00e1 eignum f\u00e9lagsins \u00fearf sam\u00feykki f\u00e9lagsfundar.<\/p>\n\n\n\n<p><strong>24. gr.<\/strong><\/p>\n\n\n\n<p>Tveir sko\u00f0unarmenn skulu yfirfara reikninga f\u00e9lagsins fyrir li\u00f0i\u00f0 reiknings\u00e1r og gera athugasemdir s\u00ednar vi\u00f0 \u00fe\u00e1 . Sko\u00f0unarmenn eru kosnir \u00e1 a\u00f0alfundi. Auk athugunar hinna f\u00e9lagskj\u00f6rnu sko\u00f0enda er stj\u00f3rn f\u00e9lagsins skylt a\u00f0 l\u00e1ta l\u00f6ggiltan endursko\u00f0anda endursko\u00f0a reikninga og fj\u00e1rrei\u00f0ur f\u00e9lagsins \u00ed lok hvers reiknings\u00e1rs.<\/p>\n\n\n\n<p><strong>25. gr.<\/strong><\/p>\n\n\n\n<p>Sj\u00f3\u00f0ir f\u00e9lagsins skulu vera:<\/p>\n\n\n\n<p>F\u00e9lagssj\u00f3\u00f0ur, styrktar- og sj\u00fakrasj\u00f3\u00f0ur, v\u00ednnudeilusj\u00f3\u00f0ur, orlofssj\u00f3\u00f0ur, svo og a\u00f0rir sj\u00f3\u00f0ir sem stofna\u00f0ir kunna a\u00f0 vera. Allir sj\u00f3\u00f0ir f\u00e9lagsins a\u00f0rir en f\u00e9lagssj\u00f3\u00f0ur skulu hafa s\u00e9rstaka regluger\u00f0 sam\u00feykkta \u00e1 a\u00f0alfundi. Regluger\u00f0um sj\u00f3\u00f0a m\u00e1 a\u00f0eins breyta \u00e1 a\u00f0alfundi. Regluger\u00f0 hvers sj\u00f3\u00f0s skal tilgreina hlutverk sj\u00f3\u00f0sins, hverjar tekjur hans<\/p>\n\n\n\n<p>\u2003<\/p>\n\n\n\n<p>skulu vera, hvernig verja skuli f\u00e9 hans og hvernig honum skuli stj\u00f3rna\u00f0. F\u00e9lagssj\u00f3\u00f0ur grei\u00f0ir allan kostna\u00f0 af starfsemi f\u00e9lagsins.<\/p>\n\n\n\n<p>Sj\u00f3\u00f0ir f\u00e9lagsins skulu \u00e1vaxta\u00f0ir \u00e1 tryggan h\u00e1tt \u00ed r\u00edkisskuldabr\u00e9fum, \u00ed r\u00edkistrygg\u00f0um skuldabr\u00e9fum \u00ed b\u00f6nkum, \u00ed sparisj\u00f3\u00f0um og \u00ed skuldabr\u00e9fum trygg\u00f0um me\u00f0 ve\u00f0i \u00ed fasteign. Tekjur f\u00e9lagsins skiptast milli sj\u00f3\u00f0a samkv\u00e6mt \u00e1kv\u00e6\u00f0um \u00ed regluger\u00f0um \u00feeirra.<\/p>\n\n\n\n<h3 class=\"wp-block-heading\">5. KAFLI<\/h3>\n\n\n\n<p><strong>LAGABREYTINGAR.<\/strong><\/p>\n\n\n\n<p><strong>26. gr.<\/strong><\/p>\n\n\n\n<p>L\u00f6gum f\u00e9lagsins m\u00e1 breyta \u00e1 a\u00f0alfundi f\u00e9lagsins enda hafi breytinganna veri\u00f0 geti\u00f0 \u00ed fundarbo\u00f0i. Einnig er heimilt a\u00f0 breyta l\u00f6gum \u00e1 f\u00e9lagsfundi, hafi lagabreytingarnar \u00e1\u00f0ur veri\u00f0 r\u00e6ddar \u00e1 f\u00e9lagsfundi og breytinganna geti\u00f0 \u00ed fundarbo\u00f0i.<\/p>\n\n\n\n<p>Til \u00feess a\u00f0 breytingin n\u00e1i fram a\u00f0 ganga, ver\u00f0ur h\u00fan a\u00f0 vera sam\u00feykkt me\u00f0 2\/3 hlutum greiddra atkv\u00e6\u00f0a fullgildra f\u00e9lagsmanna.<\/p>\n\n\n\n<p>Breytingar \u00e1 l\u00f6gum koma fyrst til framkv\u00e6mda er stj\u00f3rn hluta\u00f0eigandi landsambands og mi\u00f0stj\u00f3rn AS\u00cd hefur sta\u00f0fest \u00fe\u00e6r.<\/p>\n\n\n\n<h3 class=\"wp-block-heading\">7. KAFLI<\/h3>\n\n\n\n<p><strong>F\u00c9LAGSSLIT<\/strong><\/p>\n\n\n\n<p><strong>27. gr.<\/strong><\/p>\n\n\n\n<p>F\u00e9laginu ver\u00f0ur ekki sliti\u00f0 nema 2\/3 allra f\u00e9lagsmanna sam\u00feykki \u00fea\u00f0 a\u00f0 vi\u00f0haf\u00f0ri allsherjaratkv\u00e6\u00f0agrei\u00f0slu. Ver\u00f0i sam\u00feykkt a\u00f0 leggja f\u00e9lagi\u00f0 ni\u00f0ur, skal Al\u00fe\u00fd\u00f0usamband \u00cdslands var\u00f0veita eignir \u00feess \u00fear til anna\u00f0 verkal\u00fd\u00f0sf\u00e9lag er stofna\u00f0 me\u00f0 sama tilgangi \u00e1 f\u00e9lagssv\u00e6\u00f0inu. F\u00e6r \u00fea\u00f0 f\u00e9lag \u00fe\u00e1 umr\u00e1\u00f0 eignanna, a\u00f0 \u00e1skildu sam\u00feykki mi\u00f0stj\u00f3rnar Al\u00fe\u00fd\u00f0usambandsins.<\/p>\n\n\n\n<p>Um sameiningu f\u00e9laga skal fjalla\u00f0 \u00e1 sama h\u00e1tt og lagabreytingar.<\/p>\n\n\n\n<p><strong>L\u00f6g f\u00e9lagsins voru \u00feannig sam\u00feykkt \u00e1 a\u00f0alfundi f\u00e9lagsins 15. ma\u00ed 2004.<\/strong><\/p>\n","protected":false},"excerpt":{"rendered":"<p>L\u00f6g Sj\u00f3mannaf\u00e9lagsins J\u00f6tuns 1. KAFLI NAFN F\u00c9LAGSINS OG HLUTVERK 1, gr. Nafn f\u00e9lagsins er Sj\u00f3mannaf\u00e9lagi\u00f0 J\u00f6tunn, k.t. 670169-2439. F\u00e9lagssv\u00e6\u00f0i \u00feess er Vestmannaeyjar. F\u00e9lagi\u00f0 er a\u00f0ili a\u00f0 Sj\u00f3mannasambandi \u00cdslands sem er a\u00f0ili a\u00f0 Al\u00fe\u00fd\u00f0usambandi \u00cdslands. Heimili \u00feess og varnar\u00feing er \u00ed Vestmannaeyjum. 2. gr. Tilgangur f\u00e9lagsins er: a) A\u00f0 sameina alla starfandi sj\u00f3menn. b) A\u00f0 vinna &hellip;<\/p>\n<p class=\"read-more\"> <a class=\"\" href=\"https:\/\/sjomannafelag.is\/index.php\/log-felagsins\/\"> <span class=\"screen-reader-text\">L\u00f6g f\u00e9lagsins<\/span> Read More &raquo;<\/a><\/p>\n","protected":false},"author":1,"featured_media":0,"parent":0,"menu_order":0,"comment_status":"closed","ping_status":"closed","template":"","meta":{"site-sidebar-layout":"default","site-content-layout":"","ast-site-content-layout":"","site-content-style":"default","site-sidebar-style":"default","ast-global-header-display":"","ast-banner-title-visibility":"","ast-main-header-display":"","ast-hfb-above-header-display":"","ast-hfb-below-header-display":"","ast-hfb-mobile-header-display":"","site-post-title":"","ast-breadcrumbs-content":"","ast-featured-img":"","footer-sml-layout":"","theme-transparent-header-meta":"","adv-header-id-meta":"","stick-header-meta":"","header-above-stick-meta":"","header-main-stick-meta":"","header-below-stick-meta":"","astra-migrate-meta-layouts":"","footnotes":""},"class_list":["post-5","page","type-page","status-publish","hentry"],"_links":{"self":[{"href":"https:\/\/sjomannafelag.is\/index.php\/wp-json\/wp\/v2\/pages\/5","targetHints":{"allow":["GET"]}}],"collection":[{"href":"https:\/\/sjomannafelag.is\/index.php\/wp-json\/wp\/v2\/pages"}],"about":[{"href":"https:\/\/sjomannafelag.is\/index.php\/wp-json\/wp\/v2\/types\/page"}],"author":[{"embeddable":true,"href":"https:\/\/sjomannafelag.is\/index.php\/wp-json\/wp\/v2\/users\/1"}],"replies":[{"embeddable":true,"href":"https:\/\/sjomannafelag.is\/index.php\/wp-json\/wp\/v2\/comments?post=5"}],"version-history":[{"count":1,"href":"https:\/\/sjomannafelag.is\/index.php\/wp-json\/wp\/v2\/pages\/5\/revisions"}],"predecessor-version":[{"id":7,"href":"https:\/\/sjomannafelag.is\/index.php\/wp-json\/wp\/v2\/pages\/5\/revisions\/7"}],"wp:attachment":[{"href":"https:\/\/sjomannafelag.is\/index.php\/wp-json\/wp\/v2\/media?parent=5"}],"curies":[{"name":"wp","href":"https:\/\/api.w.org\/{rel}","templated":true}]}}