{"id":8,"date":"2023-10-12T12:50:32","date_gmt":"2023-10-12T12:50:32","guid":{"rendered":"http:\/\/46.101.81.151\/?page_id=8"},"modified":"2024-09-13T10:37:09","modified_gmt":"2024-09-13T10:37:09","slug":"stjorn","status":"publish","type":"page","link":"https:\/\/sjomannafelag.is\/index.php\/stjorn\/","title":{"rendered":"Stj\u00f3rn"},"content":{"rendered":"\n<p><strong>Stj\u00f3rn&nbsp;J\u00f6tuns&nbsp;Sj\u00f3mannaf\u00e9lags 2024&nbsp;til 2028<\/strong><\/p>\n\n\n\n<p><strong>Forma\u00f0ur:<\/strong><br>Kolbeinn Agnarsson. GSM: 863 3456<\/p>\n\n\n\n<p><strong>Varaforma\u00f0ur:<\/strong><br>Sigurfinnur V Sigurfinnsson.<\/p>\n\n\n\n<p><strong>Gjaldkeri:<\/strong><br>\u00c1rni \u00de\u00f3r Gunnarsson<\/p>\n\n\n\n<p><strong>Ritari:<\/strong><br>Ing\u00f3lfur Ingvarsson.<\/p>\n\n\n\n<p><strong>Me\u00f0stj\u00f3rnendur:<\/strong><br>Ingi \u00de\u00f3r Arnarsson<br>Eysteinn Gunnarsson<br>R\u00edkar\u00f0ur Zoega Stef\u00e1nsson<br>Finnur Freyr Har\u00f0arsson<\/p>\n","protected":false},"excerpt":{"rendered":"<p>Stj\u00f3rn&nbsp;J\u00f6tuns&nbsp;Sj\u00f3mannaf\u00e9lags 2024&nbsp;til 2028 Forma\u00f0ur:Kolbeinn Agnarsson. GSM: 863 3456 Varaforma\u00f0ur:Sigurfinnur V Sigurfinnsson. Gjaldkeri:\u00c1rni \u00de\u00f3r Gunnarsson Ritari:Ing\u00f3lfur Ingvarsson. Me\u00f0stj\u00f3rnendur:Ingi \u00de\u00f3r ArnarssonEysteinn GunnarssonR\u00edkar\u00f0ur Zoega Stef\u00e1nssonFinnur Freyr Har\u00f0arsson<\/p>\n","protected":false},"author":1,"featured_media":0,"parent":0,"menu_order":0,"comment_status":"closed","ping_status":"closed","template":"","meta":{"site-sidebar-layout":"default","site-content-layout":"","ast-site-content-layout":"","site-content-style":"default","site-sidebar-style":"default","ast-global-header-display":"","ast-banner-title-visibility":"","ast-main-header-display":"","ast-hfb-above-header-display":"","ast-hfb-below-header-display":"","ast-hfb-mobile-header-display":"","site-post-title":"","ast-breadcrumbs-content":"","ast-featured-img":"","footer-sml-layout":"","theme-transparent-header-meta":"","adv-header-id-meta":"","stick-header-meta":"","header-above-stick-meta":"","header-main-stick-meta":"","header-below-stick-meta":"","astra-migrate-meta-layouts":"","footnotes":""},"class_list":["post-8","page","type-page","status-publish","hentry"],"_links":{"self":[{"href":"https:\/\/sjomannafelag.is\/index.php\/wp-json\/wp\/v2\/pages\/8","targetHints":{"allow":["GET"]}}],"collection":[{"href":"https:\/\/sjomannafelag.is\/index.php\/wp-json\/wp\/v2\/pages"}],"about":[{"href":"https:\/\/sjomannafelag.is\/index.php\/wp-json\/wp\/v2\/types\/page"}],"author":[{"embeddable":true,"href":"https:\/\/sjomannafelag.is\/index.php\/wp-json\/wp\/v2\/users\/1"}],"replies":[{"embeddable":true,"href":"https:\/\/sjomannafelag.is\/index.php\/wp-json\/wp\/v2\/comments?post=8"}],"version-history":[{"count":4,"href":"https:\/\/sjomannafelag.is\/index.php\/wp-json\/wp\/v2\/pages\/8\/revisions"}],"predecessor-version":[{"id":67,"href":"https:\/\/sjomannafelag.is\/index.php\/wp-json\/wp\/v2\/pages\/8\/revisions\/67"}],"wp:attachment":[{"href":"https:\/\/sjomannafelag.is\/index.php\/wp-json\/wp\/v2\/media?parent=8"}],"curies":[{"name":"wp","href":"https:\/\/api.w.org\/{rel}","templated":true}]}}